{"id":561,"date":"2020-11-10T00:35:16","date_gmt":"2020-11-09T23:35:16","guid":{"rendered":"http:\/\/therapieetjeuvideo.fr\/?page_id=561"},"modified":"2020-11-15T12:35:25","modified_gmt":"2020-11-15T11:35:25","slug":"about-this-blog","status":"publish","type":"page","link":"https:\/\/therapieetjeuvideo.fr\/en\/about-this-blog","title":{"rendered":"About this blog"},"content":{"rendered":"<p>I am a clinical psychologist working as a freelance psychologist where I have been receiving children, adolescents and adults since 2005.<\/p>\n<p>My therapeutic practice with children has always led me to regularly look for therapeutic mediators to help me in the follow-up of these clients. This activity of research, novelty and tools echoes what I was taught at university: &#8220;a good psychologist must be open and creative&#8221;.<\/p>\n<p>Introducing a new tool into the therapeutic space necessarily forces one to think and rethink one&#8217;s practice with the material brought by the client; it is a very rich dynamic.<\/p>\n<p>Thus, my open-mindedness and creativity were particularly in phase with the follow-up of children but this dynamic was not present for the follow-up of adolescents. Of course, video games were regularly invited to the sessions for those whose verbal skills allowed a quality exchange, but for the others&#8230;<\/p>\n<p>Inspired by the experience of precursors such as F. Lespinasse (1996), B. Virole (1992) and M. Stora (2002) among the best known, I decided in December 2011 to start using video games as therapeutic mediators.<\/p>\n<p>I started with The Sims 3, then a few months later Minecraft joined my therapeutic arsenal, followed by Portal 2 in June 2014, Papo &amp; Yo, Never Alone&#8230; As you will have understood, the world of video games had just allowed me to set in motion the dynamics evoked for the follow-up of children. The same approach, the same questions, the same preoccupation with the interest of the tool with such or such a problem as when I am in the children&#8217;s games department.<\/p>\n<p>The success has been greater than expected insofar as the introduction of the video game during the session has also benefited the children&#8217;s aftercare. I find myself with a therapeutic tool used by two populations of clients, children and adolescents, which was not the case with the playmobils, the wooden train, etc&#8230; This allows me to see how such and such a game is invested at certain ages, at different levels of intensity of such and such a problem.<\/p>\n<p>I am still very surprised during some of my interventions to be questioned by my interlocutors on this therapeutic practice which would like to be recent, even surprising when this practice has more than fifteen years of anteriority.<\/p>\n<p>This is all the more surprising as more and more psychologists are using this tool with their clients, but a &#8220;public&#8221; dynamic is not sufficiently created around this practice, in the sense that it remains too confidential. It is not a question of promoting a practice but of making it visible, at the level of what swarms within groups of psychologists on social networks.<\/p>\n<p>So I came up with the idea of this blog, as a concrete way of highlighting a concrete clinical practice so that other psychologists could invest in the tool, for a certain professional and non-professional audience, because today, in 2015, many psychology conferences do not even address the question of digital technology in their reflections on the profession of psychologist. We are still a long way from integrating this practice into the training of psychologists.<\/p>\n<p>I am simply going to set out in writing what I am used to doing orally, testify to a clinical practice and try to show how relevant it is in the follow-up of our small clients, how the therapeutic space can be so intensely invested by an adolescent who came to therapy because there was &#8220;video game&#8221; in the sentence: &#8220;I suggest you meet a psychologist who knows and uses video games&#8221;.<\/p>\n<p>This blog is not in my name because it will not be my only practice, other colleagues will come to enrich a particular video game with their &#8220;therapeutic-video-game&#8221; practice, and \/ or on a different support.<\/p>\n<p>Of course, sometimes we will &#8220;reinvent the wheel&#8221;, but what a pleasure it is to follow in the footsteps of our predecessors and to arrive at the same result, the same effects. I wish that it was this dynamic that transpires, this force that emanates from therapeutic practice and that one day at the psychology colloquiums there would be no more astonishment there.<\/p>\n","protected":false},"excerpt":{"rendered":"<p>I am a clinical psychologist working as a freelance psychologist where I have been receiving children, adolescents and adults since 2005. My therapeutic practice with children has always led me to regularly look for therapeutic mediators to help me in the follow-up of these clients. This activity of research, novelty and tools echoes what I was taught at university: &#8220;a good psychologist must be open and creative&#8221;. Introducing a new tool into the therapeutic space necessarily forces one to think and rethink one&#8217;s practice with the material brought by the client; it is a very rich dynamic. Thus, my open-mindedness &hellip; <\/p>\n","protected":false},"author":1,"featured_media":0,"parent":0,"menu_order":0,"comment_status":"closed","ping_status":"closed","template":"","meta":{"jetpack_post_was_ever_published":false,"footnotes":""},"class_list":["post-561","page","type-page","status-publish","hentry"],"yoast_head":"<!-- This site is optimized with the Yoast SEO plugin v27.3 - https:\/\/yoast.com\/product\/yoast-seo-wordpress\/ -->\n<title>About this blog - M\u00e9diation th\u00e9rapeutique avec les Jeux Vid\u00e9o<\/title>\n<meta name=\"robots\" content=\"index, follow, max-snippet:-1, max-image-preview:large, max-video-preview:-1\" \/>\n<link rel=\"canonical\" href=\"https:\/\/therapieetjeuvideo.fr\/en\/about-this-blog\" \/>\n<meta property=\"og:locale\" content=\"en_US\" \/>\n<meta property=\"og:type\" content=\"article\" \/>\n<meta property=\"og:title\" content=\"About this blog - M\u00e9diation th\u00e9rapeutique avec les Jeux Vid\u00e9o\" \/>\n<meta property=\"og:description\" content=\"I am a clinical psychologist working as a freelance psychologist where I have been receiving children, adolescents and adults since 2005. My therapeutic practice with children has always led me to regularly look for therapeutic mediators to help me in the follow-up of these clients. This activity of research, novelty and tools echoes what I was taught at university: &#8220;a good psychologist must be open and creative&#8221;. Introducing a new tool into the therapeutic space necessarily forces one to think and rethink one&#8217;s practice with the material brought by the client; it is a very rich dynamic. Thus, my open-mindedness &hellip;\" \/>\n<meta property=\"og:url\" content=\"https:\/\/therapieetjeuvideo.fr\/en\/about-this-blog\" \/>\n<meta property=\"og:site_name\" content=\"M\u00e9diation th\u00e9rapeutique avec les Jeux Vid\u00e9o\" \/>\n<meta property=\"article:publisher\" content=\"https:\/\/www.facebook.com\/bruno.berthier.33\" \/>\n<meta property=\"article:modified_time\" content=\"2020-11-15T11:35:25+00:00\" \/>\n<meta name=\"twitter:card\" content=\"summary_large_image\" \/>\n<meta name=\"twitter:site\" content=\"@BERTHIERBruno\" \/>\n<meta name=\"twitter:label1\" content=\"Est. reading time\" \/>\n\t<meta name=\"twitter:data1\" content=\"3 minutes\" \/>\n<script type=\"application\/ld+json\" class=\"yoast-schema-graph\">{\"@context\":\"https:\\\/\\\/schema.org\",\"@graph\":[{\"@type\":\"WebPage\",\"@id\":\"https:\\\/\\\/therapieetjeuvideo.fr\\\/en\\\/about-this-blog\",\"url\":\"https:\\\/\\\/therapieetjeuvideo.fr\\\/en\\\/about-this-blog\",\"name\":\"About this blog - M\u00e9diation th\u00e9rapeutique avec les Jeux Vid\u00e9o\",\"isPartOf\":{\"@id\":\"https:\\\/\\\/therapieetjeuvideo.fr\\\/en#website\"},\"datePublished\":\"2020-11-09T23:35:16+00:00\",\"dateModified\":\"2020-11-15T11:35:25+00:00\",\"breadcrumb\":{\"@id\":\"https:\\\/\\\/therapieetjeuvideo.fr\\\/en\\\/about-this-blog#breadcrumb\"},\"inLanguage\":\"en-US\",\"potentialAction\":[{\"@type\":\"ReadAction\",\"target\":[\"https:\\\/\\\/therapieetjeuvideo.fr\\\/en\\\/about-this-blog\"]}]},{\"@type\":\"BreadcrumbList\",\"@id\":\"https:\\\/\\\/therapieetjeuvideo.fr\\\/en\\\/about-this-blog#breadcrumb\",\"itemListElement\":[{\"@type\":\"ListItem\",\"position\":1,\"name\":\"Accueil\",\"item\":\"https:\\\/\\\/therapieetjeuvideo.fr\\\/en\"},{\"@type\":\"ListItem\",\"position\":2,\"name\":\"About this blog\"}]},{\"@type\":\"WebSite\",\"@id\":\"https:\\\/\\\/therapieetjeuvideo.fr\\\/en#website\",\"url\":\"https:\\\/\\\/therapieetjeuvideo.fr\\\/en\",\"name\":\"M\u00e9diation th\u00e9rapeutique avec les Jeux Vid\u00e9o\",\"description\":\"PRATIQUES CLINIQUES\",\"potentialAction\":[{\"@type\":\"SearchAction\",\"target\":{\"@type\":\"EntryPoint\",\"urlTemplate\":\"https:\\\/\\\/therapieetjeuvideo.fr\\\/en?s={search_term_string}\"},\"query-input\":{\"@type\":\"PropertyValueSpecification\",\"valueRequired\":true,\"valueName\":\"search_term_string\"}}],\"inLanguage\":\"en-US\"}]}<\/script>\n<!-- \/ Yoast SEO plugin. -->","yoast_head_json":{"title":"About this blog - M\u00e9diation th\u00e9rapeutique avec les Jeux Vid\u00e9o","robots":{"index":"index","follow":"follow","max-snippet":"max-snippet:-1","max-image-preview":"max-image-preview:large","max-video-preview":"max-video-preview:-1"},"canonical":"https:\/\/therapieetjeuvideo.fr\/en\/about-this-blog","og_locale":"en_US","og_type":"article","og_title":"About this blog - M\u00e9diation th\u00e9rapeutique avec les Jeux Vid\u00e9o","og_description":"I am a clinical psychologist working as a freelance psychologist where I have been receiving children, adolescents and adults since 2005. My therapeutic practice with children has always led me to regularly look for therapeutic mediators to help me in the follow-up of these clients. This activity of research, novelty and tools echoes what I was taught at university: &#8220;a good psychologist must be open and creative&#8221;. Introducing a new tool into the therapeutic space necessarily forces one to think and rethink one&#8217;s practice with the material brought by the client; it is a very rich dynamic. Thus, my open-mindedness &hellip;","og_url":"https:\/\/therapieetjeuvideo.fr\/en\/about-this-blog","og_site_name":"M\u00e9diation th\u00e9rapeutique avec les Jeux Vid\u00e9o","article_publisher":"https:\/\/www.facebook.com\/bruno.berthier.33","article_modified_time":"2020-11-15T11:35:25+00:00","twitter_card":"summary_large_image","twitter_site":"@BERTHIERBruno","twitter_misc":{"Est. reading time":"3 minutes"},"schema":{"@context":"https:\/\/schema.org","@graph":[{"@type":"WebPage","@id":"https:\/\/therapieetjeuvideo.fr\/en\/about-this-blog","url":"https:\/\/therapieetjeuvideo.fr\/en\/about-this-blog","name":"About this blog - M\u00e9diation th\u00e9rapeutique avec les Jeux Vid\u00e9o","isPartOf":{"@id":"https:\/\/therapieetjeuvideo.fr\/en#website"},"datePublished":"2020-11-09T23:35:16+00:00","dateModified":"2020-11-15T11:35:25+00:00","breadcrumb":{"@id":"https:\/\/therapieetjeuvideo.fr\/en\/about-this-blog#breadcrumb"},"inLanguage":"en-US","potentialAction":[{"@type":"ReadAction","target":["https:\/\/therapieetjeuvideo.fr\/en\/about-this-blog"]}]},{"@type":"BreadcrumbList","@id":"https:\/\/therapieetjeuvideo.fr\/en\/about-this-blog#breadcrumb","itemListElement":[{"@type":"ListItem","position":1,"name":"Accueil","item":"https:\/\/therapieetjeuvideo.fr\/en"},{"@type":"ListItem","position":2,"name":"About this blog"}]},{"@type":"WebSite","@id":"https:\/\/therapieetjeuvideo.fr\/en#website","url":"https:\/\/therapieetjeuvideo.fr\/en","name":"M\u00e9diation th\u00e9rapeutique avec les Jeux Vid\u00e9o","description":"PRATIQUES CLINIQUES","potentialAction":[{"@type":"SearchAction","target":{"@type":"EntryPoint","urlTemplate":"https:\/\/therapieetjeuvideo.fr\/en?s={search_term_string}"},"query-input":{"@type":"PropertyValueSpecification","valueRequired":true,"valueName":"search_term_string"}}],"inLanguage":"en-US"}]}},"jetpack_sharing_enabled":true,"jetpack_shortlink":"https:\/\/wp.me\/P6vc3A-93","jetpack-related-posts":[{"id":570,"url":"https:\/\/therapieetjeuvideo.fr\/en\/documentary-resources","url_meta":{"origin":561,"position":0},"title":"Documentary resources","author":"Bruno BERTHIER","date":"15 November 2020","format":false,"excerpt":"I. BOOKS dir. S.TISSERON, Adolescence, Virtuel, 47, Les Editions GREUPP, 2004 dir. TISSERON S. et GUTTON P., Adolescence, Avatars et mondes virtuels, 69, L'Esprit du Temps, 2009 CAHN R., GUTTON P., ROBERT P., TISSERON S., L'ado et son psy, Nouvelles approches th\u00e9rapeutiques en psychanalyse, Editions in press, 2013 TISSERON S.,\u2026","rel":"","context":"Similar post","block_context":{"text":"Similar post","link":""},"img":{"alt_text":"","src":"","width":0,"height":0},"classes":[]},{"id":22,"url":"https:\/\/therapieetjeuvideo.fr\/ressources-documentaires","url_meta":{"origin":561,"position":1},"title":"Ressources documentaires","author":"Bruno BERTHIER","date":"30 November 2015","format":false,"excerpt":"I. OUVRAGES dir. S.TISSERON, Adolescence, Virtuel, 47, Les Editions GREUPP, 2004 dir. TISSERON S. et GUTTON P., Adolescence, Avatars et mondes virtuels, 69, L'Esprit du Temps, 2009 CAHN R., GUTTON P., ROBERT P., TISSERON S., L'ado et son psy, Nouvelles approches th\u00e9rapeutiques en psychanalyse, Editions in press, 2013 TISSERON S.,\u2026","rel":"","context":"Similar post","block_context":{"text":"Similar post","link":""},"img":{"alt_text":"","src":"","width":0,"height":0},"classes":[]},{"id":577,"url":"https:\/\/therapieetjeuvideo.fr\/es\/recursos-de-documentacion","url_meta":{"origin":561,"position":2},"title":"Recursos de documentaci\u00f3n","author":"Bruno BERTHIER","date":"15 November 2020","format":false,"excerpt":"I. LIBROS dir. S.TISSERON, Adolescence, Virtuel, 47, Les Editions GREUPP, 2004 dir. TISSERON S. et GUTTON P., Adolescence, Avatars et mondes virtuels, 69, L'Esprit du Temps, 2009 CAHN R., GUTTON P., ROBERT P., TISSERON S., L'ado et son psy, Nouvelles approches th\u00e9rapeutiques en psychanalyse, Editions in press, 2013 TISSERON S.,\u2026","rel":"","context":"Similar post","block_context":{"text":"Similar post","link":""},"img":{"alt_text":"","src":"","width":0,"height":0},"classes":[]},{"id":1117,"url":"https:\/\/therapieetjeuvideo.fr\/newsletter-semestrielle-psychologues-et-jeux-video","url_meta":{"origin":561,"position":3},"title":"Newsletter Semestrielle &#8220;Psychologues et Jeux Vid\u00e9o&#8221;","author":"Bruno BERTHIER","date":"9 July 2024","format":false,"excerpt":"NOM Actualit\u00e9 r\u00e9cente (2\u00e8me semestre 2025) Projets \u00e0 venir (1er semestre 2026) BARRIOL-BLONDET M\u00e9ghane Conf\u00e9rences et tables rondes sur la m\u00e9diation th\u00e9rapeutique jeu vid\u00e9o Cours en Licence de Psychologie \u00e0 l\u2019Universit\u00e9 de Nantes \u00a0 BERTHIER Bruno Poursuite de l\u2019\u00e9laboration du DU sur l\u2019utilisation du jeu vid\u00e9o en tant que m\u00e9diateur\u2026","rel":"","context":"Similar post","block_context":{"text":"Similar post","link":""},"img":{"alt_text":"","src":"","width":0,"height":0},"classes":[]},{"id":564,"url":"https:\/\/therapieetjeuvideo.fr\/en\/564-2","url_meta":{"origin":561,"position":4},"title":"Contact","author":"Bruno BERTHIER","date":"10 November 2020","format":false,"excerpt":"if you wish to contact me, please do not hesitate to use this contact form. Have a nice day Bruno BERTHIER","rel":"","context":"Similar post","block_context":{"text":"Similar post","link":""},"img":{"alt_text":"","src":"","width":0,"height":0},"classes":[]}],"jetpack_likes_enabled":true,"_links":{"self":[{"href":"https:\/\/therapieetjeuvideo.fr\/en\/wp-json\/wp\/v2\/pages\/561","targetHints":{"allow":["GET"]}}],"collection":[{"href":"https:\/\/therapieetjeuvideo.fr\/en\/wp-json\/wp\/v2\/pages"}],"about":[{"href":"https:\/\/therapieetjeuvideo.fr\/en\/wp-json\/wp\/v2\/types\/page"}],"author":[{"embeddable":true,"href":"https:\/\/therapieetjeuvideo.fr\/en\/wp-json\/wp\/v2\/users\/1"}],"replies":[{"embeddable":true,"href":"https:\/\/therapieetjeuvideo.fr\/en\/wp-json\/wp\/v2\/comments?post=561"}],"version-history":[{"count":2,"href":"https:\/\/therapieetjeuvideo.fr\/en\/wp-json\/wp\/v2\/pages\/561\/revisions"}],"predecessor-version":[{"id":569,"href":"https:\/\/therapieetjeuvideo.fr\/en\/wp-json\/wp\/v2\/pages\/561\/revisions\/569"}],"wp:attachment":[{"href":"https:\/\/therapieetjeuvideo.fr\/en\/wp-json\/wp\/v2\/media?parent=561"}],"curies":[{"name":"wp","href":"https:\/\/api.w.org\/{rel}","templated":true}]}}