{"id":564,"date":"2020-11-10T00:46:39","date_gmt":"2020-11-09T23:46:39","guid":{"rendered":"http:\/\/therapieetjeuvideo.fr\/?page_id=564"},"modified":"2020-11-10T00:48:05","modified_gmt":"2020-11-09T23:48:05","slug":"564-2","status":"publish","type":"page","link":"https:\/\/therapieetjeuvideo.fr\/en\/564-2","title":{"rendered":"Contact"},"content":{"rendered":"<p>if you wish to contact me, please do not hesitate to use this contact form.<\/p>\n<p>Have a nice day<\/p>\n<p>Bruno BERTHIER<\/p>\n<form method=\"post\" id=\"cntctfrm_contact_form\" class=\"cntctfrm_contact_form cntctfrm_one_column cntctfrm_ltr cntctfrm_width_default\" action=\"\/en\/wp-json\/wp\/v2\/pages\/564#cntctfrm_contact_form\" enctype=\"multipart\/form-data\"><div id=\"cntctfrm_first_column\" class=\"cntctfrm_column\"><div class=\"cntctfrm_field_wrap cntctfrm_field_name_wrap\"namecontact><div class=\"cntctfrm_label cntctfrm_label_name\">\n\t\t\t\t\t\t\t\t\t<label for=\"cntctfrm_contact_name\">Nom&nbsp;: <span class=\"required\">*<\/span><\/label><\/div><div class=\"cntctfrm_input cntctfrm_input_name\">\n\t\t\t\t\t\t\t\t\t<input namecontact class=\"text\" type=\"text\" size=\"40\" pattern=\"^([\\p{L}\\p{M}]{2,}(\\s)*(\\p{L}+\\p{M}*-*){1,})|([\\p{L}\\p{M}]{3,})\" title=\"Please enter only letters at least 3 characters, words seperated by spaces\" value=\"\" name=\"cntctfrm_contact_name\" id=\"cntctfrm_contact_name\" \/><\/div><\/div><div class=\"cntctfrm_field_wrap cntctfrm_field_email_wrap\"email><div class=\"cntctfrm_label cntctfrm_label_email\">\n\t\t\t\t\t\t\t\t\t<label for=\"cntctfrm_contact_email\">Adresse e-mail&nbsp;: <span class=\"required\">*<\/span><\/label>\n\t\t\t\t\t\t\t\t<\/div><div class=\"cntctfrm_input cntctfrm_input_email\">\n\t\t\t\t\t\t\t\t\t<input email class=\"text\" type=\"email\" size=\"40\" value=\"\" name=\"cntctfrm_contact_email\" id=\"cntctfrm_contact_email\" \/><\/div><\/div><div class=\"cntctfrm_field_wrap cntctfrm_field_subject_wrap\"subject><div class=\"cntctfrm_label cntctfrm_label_subject\">\n\t\t\t\t\t\t\t\t\t<label for=\"cntctfrm_contact_subject\">Sujet&nbsp;: <span class=\"required\">*<\/span><\/label>\n\t\t\t\t\t\t\t\t<\/div><div class=\"cntctfrm_input cntctfrm_input_subject\">\n\t\t\t\t\t\t\t\t<input subject pattern=\"^\\p{L}{1,}([\\p{L}\\s]){2,}\" title=\"Please enter only letters at least 3 characters, words seperated by spaces\" class=\"text\" type=\"text\" size=\"40\" value=\"\" name=\"cntctfrm_contact_subject\" id=\"cntctfrm_contact_subject\" \/><\/div><\/div><div class=\"cntctfrm_field_wrap cntctfrm_field_message_wrap\"message><div class=\"cntctfrm_label cntctfrm_label_message\">\n\t\t\t\t\t\t\t\t<label for=\"cntctfrm_contact_message\">Message&nbsp;: <span class=\"required\">*<\/span><\/label>\n\t\t\t\t\t\t\t<\/div><div class=\"cntctfrm_input cntctfrm_input_message\">\n\t\t\t\t\t\t\t\t<textarea message rows=\"5\" cols=\"30\"name=\"cntctfrm_contact_message\" id=\"cntctfrm_contact_message\"><\/textarea><\/div><\/div><div class=\"cntctfrm_field_wrap cntctfrm_field_captcha_wrap\"><div class=\"cntctfrm_label cntctfrm_label_captcha\">\n\t\t\t\t\t\t\t\t\t\t\t<label><\/label>\n\t\t\t\t\t\t\t\t\t\t<\/div><div class=\"cntctfrm_input cntctfrm_input_captcha\"><div class=\"gglcptch gglcptch_v2\"><div id=\"gglcptch_recaptcha_832793626\" class=\"gglcptch_recaptcha\"><\/div>\n\t\t\t\t<noscript>\n\t\t\t\t\t<div style=\"width: 302px;\">\n\t\t\t\t\t\t<div style=\"width: 302px; height: 422px; position: relative;\">\n\t\t\t\t\t\t\t<div style=\"width: 302px; height: 422px; position: absolute;\">\n\t\t\t\t\t\t\t\t<iframe src=\"https:\/\/www.google.com\/recaptcha\/api\/fallback?k=6LfX6goTAAAAAGTUNs2lX3PzC0kfCIzw6-vsj49W\" frameborder=\"0\" scrolling=\"no\" style=\"width: 302px; height:422px; border-style: none;\"><\/iframe>\n\t\t\t\t\t\t\t<\/div>\n\t\t\t\t\t\t<\/div>\n\t\t\t\t\t\t<div style=\"border-style: none; bottom: 12px; left: 25px; margin: 0px; padding: 0px; right: 25px; background: #f9f9f9; border: 1px solid #c1c1c1; border-radius: 3px; height: 60px; width: 300px;\">\n\t\t\t\t\t\t\t<input type=\"hidden\" id=\"g-recaptcha-response\" name=\"g-recaptcha-response\" class=\"g-recaptcha-response\" style=\"width: 250px !important; height: 40px !important; border: 1px solid #c1c1c1 !important; margin: 10px 25px !important; padding: 0px !important; resize: none !important;\">\n\t\t\t\t\t\t<\/div>\n\t\t\t\t\t<\/div>\n\t\t\t\t<\/noscript><\/div><\/div><\/div><\/div><div class=\"clear\"><\/div><div class=\"cntctfrm_submit_wrap\"><div id=\"cntctfrm_submit_first_column\" class=\"cntctfrm_column\"><div class=\"cntctfrm_input cntctfrm_input_submit\"><input type=\"hidden\" value=\"2\" name=\"cntctfrmmlt_shortcode_id\"><input type=\"hidden\" value=\"send\" name=\"cntctfrm_contact_action\">\n\t\t\t\t\t\t\t<input type=\"hidden\" value=\"default\" name=\"cntctfrm_language\">\n\t\t\t\t\t\t\t<input type=\"hidden\" value=\"1\" name=\"cntctfrm_form_submited\">\n\t\t\t\t\t\t\t<input type=\"hidden\" value=\"cntctfrmmlt_options\" name=\"cntctfrm_options_name\">\n\t\t\t\t\t\t\t<input type=\"submit\" value=\"Envoyer\" class=\"cntctfrm_contact_submit\" id=\"1\" \/>\n\t\t\t\t\t\t<\/div><\/div><div id=\"cntctfrm_submit_second_column\" class=\"cntctfrm_column\"><\/div><div class=\"clear\"><\/div>\n\t\t\t<\/div>\n\t\t\t<\/form>\n","protected":false},"excerpt":{"rendered":"<p>if you wish to contact me, please do not hesitate to use this contact form. Have a nice day Bruno BERTHIER<\/p>\n","protected":false},"author":1,"featured_media":0,"parent":0,"menu_order":0,"comment_status":"closed","ping_status":"closed","template":"","meta":{"jetpack_post_was_ever_published":false,"footnotes":""},"class_list":["post-564","page","type-page","status-publish","hentry"],"yoast_head":"<!-- This site is optimized with the Yoast SEO plugin v27.3 - https:\/\/yoast.com\/product\/yoast-seo-wordpress\/ -->\n<title>Contact - M\u00e9diation th\u00e9rapeutique avec les Jeux Vid\u00e9o<\/title>\n<meta name=\"robots\" content=\"index, follow, max-snippet:-1, max-image-preview:large, max-video-preview:-1\" \/>\n<link rel=\"canonical\" href=\"https:\/\/therapieetjeuvideo.fr\/en\/564-2\" \/>\n<meta property=\"og:locale\" content=\"en_US\" \/>\n<meta property=\"og:type\" content=\"article\" \/>\n<meta property=\"og:title\" content=\"Contact - M\u00e9diation th\u00e9rapeutique avec les Jeux Vid\u00e9o\" \/>\n<meta property=\"og:description\" content=\"if you wish to contact me, please do not hesitate to use this contact form. Have a nice day Bruno BERTHIER\" \/>\n<meta property=\"og:url\" content=\"https:\/\/therapieetjeuvideo.fr\/en\/564-2\" \/>\n<meta property=\"og:site_name\" content=\"M\u00e9diation th\u00e9rapeutique avec les Jeux Vid\u00e9o\" \/>\n<meta property=\"article:publisher\" content=\"https:\/\/www.facebook.com\/bruno.berthier.33\" \/>\n<meta property=\"article:modified_time\" content=\"2020-11-09T23:48:05+00:00\" \/>\n<meta name=\"twitter:card\" content=\"summary_large_image\" \/>\n<meta name=\"twitter:site\" content=\"@BERTHIERBruno\" \/>\n<script type=\"application\/ld+json\" class=\"yoast-schema-graph\">{\"@context\":\"https:\\\/\\\/schema.org\",\"@graph\":[{\"@type\":\"WebPage\",\"@id\":\"https:\\\/\\\/therapieetjeuvideo.fr\\\/en\\\/564-2\",\"url\":\"https:\\\/\\\/therapieetjeuvideo.fr\\\/en\\\/564-2\",\"name\":\"Contact - M\u00e9diation th\u00e9rapeutique avec les Jeux Vid\u00e9o\",\"isPartOf\":{\"@id\":\"https:\\\/\\\/therapieetjeuvideo.fr\\\/en#website\"},\"datePublished\":\"2020-11-09T23:46:39+00:00\",\"dateModified\":\"2020-11-09T23:48:05+00:00\",\"breadcrumb\":{\"@id\":\"https:\\\/\\\/therapieetjeuvideo.fr\\\/en\\\/564-2#breadcrumb\"},\"inLanguage\":\"en-US\",\"potentialAction\":[{\"@type\":\"ReadAction\",\"target\":[\"https:\\\/\\\/therapieetjeuvideo.fr\\\/en\\\/564-2\"]}]},{\"@type\":\"BreadcrumbList\",\"@id\":\"https:\\\/\\\/therapieetjeuvideo.fr\\\/en\\\/564-2#breadcrumb\",\"itemListElement\":[{\"@type\":\"ListItem\",\"position\":1,\"name\":\"Accueil\",\"item\":\"https:\\\/\\\/therapieetjeuvideo.fr\\\/en\"},{\"@type\":\"ListItem\",\"position\":2,\"name\":\"Contact\"}]},{\"@type\":\"WebSite\",\"@id\":\"https:\\\/\\\/therapieetjeuvideo.fr\\\/en#website\",\"url\":\"https:\\\/\\\/therapieetjeuvideo.fr\\\/en\",\"name\":\"M\u00e9diation th\u00e9rapeutique avec les Jeux Vid\u00e9o\",\"description\":\"PRATIQUES CLINIQUES\",\"potentialAction\":[{\"@type\":\"SearchAction\",\"target\":{\"@type\":\"EntryPoint\",\"urlTemplate\":\"https:\\\/\\\/therapieetjeuvideo.fr\\\/en?s={search_term_string}\"},\"query-input\":{\"@type\":\"PropertyValueSpecification\",\"valueRequired\":true,\"valueName\":\"search_term_string\"}}],\"inLanguage\":\"en-US\"}]}<\/script>\n<!-- \/ Yoast SEO plugin. -->","yoast_head_json":{"title":"Contact - M\u00e9diation th\u00e9rapeutique avec les Jeux Vid\u00e9o","robots":{"index":"index","follow":"follow","max-snippet":"max-snippet:-1","max-image-preview":"max-image-preview:large","max-video-preview":"max-video-preview:-1"},"canonical":"https:\/\/therapieetjeuvideo.fr\/en\/564-2","og_locale":"en_US","og_type":"article","og_title":"Contact - M\u00e9diation th\u00e9rapeutique avec les Jeux Vid\u00e9o","og_description":"if you wish to contact me, please do not hesitate to use this contact form. Have a nice day Bruno BERTHIER","og_url":"https:\/\/therapieetjeuvideo.fr\/en\/564-2","og_site_name":"M\u00e9diation th\u00e9rapeutique avec les Jeux Vid\u00e9o","article_publisher":"https:\/\/www.facebook.com\/bruno.berthier.33","article_modified_time":"2020-11-09T23:48:05+00:00","twitter_card":"summary_large_image","twitter_site":"@BERTHIERBruno","schema":{"@context":"https:\/\/schema.org","@graph":[{"@type":"WebPage","@id":"https:\/\/therapieetjeuvideo.fr\/en\/564-2","url":"https:\/\/therapieetjeuvideo.fr\/en\/564-2","name":"Contact - M\u00e9diation th\u00e9rapeutique avec les Jeux Vid\u00e9o","isPartOf":{"@id":"https:\/\/therapieetjeuvideo.fr\/en#website"},"datePublished":"2020-11-09T23:46:39+00:00","dateModified":"2020-11-09T23:48:05+00:00","breadcrumb":{"@id":"https:\/\/therapieetjeuvideo.fr\/en\/564-2#breadcrumb"},"inLanguage":"en-US","potentialAction":[{"@type":"ReadAction","target":["https:\/\/therapieetjeuvideo.fr\/en\/564-2"]}]},{"@type":"BreadcrumbList","@id":"https:\/\/therapieetjeuvideo.fr\/en\/564-2#breadcrumb","itemListElement":[{"@type":"ListItem","position":1,"name":"Accueil","item":"https:\/\/therapieetjeuvideo.fr\/en"},{"@type":"ListItem","position":2,"name":"Contact"}]},{"@type":"WebSite","@id":"https:\/\/therapieetjeuvideo.fr\/en#website","url":"https:\/\/therapieetjeuvideo.fr\/en","name":"M\u00e9diation th\u00e9rapeutique avec les Jeux Vid\u00e9o","description":"PRATIQUES CLINIQUES","potentialAction":[{"@type":"SearchAction","target":{"@type":"EntryPoint","urlTemplate":"https:\/\/therapieetjeuvideo.fr\/en?s={search_term_string}"},"query-input":{"@type":"PropertyValueSpecification","valueRequired":true,"valueName":"search_term_string"}}],"inLanguage":"en-US"}]}},"jetpack_sharing_enabled":true,"jetpack_shortlink":"https:\/\/wp.me\/P6vc3A-96","jetpack-related-posts":[{"id":574,"url":"https:\/\/therapieetjeuvideo.fr\/es\/contact","url_meta":{"origin":564,"position":0},"title":"Contacto","author":"Bruno BERTHIER","date":"15 November 2020","format":false,"excerpt":"si desea ponerse en contacto conmigo, por favor no dude en utilizar este formulario de contacto. Que tengas un buen d\u00eda. Bruno BERTHIER \u00a0","rel":"","context":"Similar post","block_context":{"text":"Similar post","link":""},"img":{"alt_text":"","src":"","width":0,"height":0},"classes":[]},{"id":561,"url":"https:\/\/therapieetjeuvideo.fr\/en\/about-this-blog","url_meta":{"origin":564,"position":1},"title":"About this blog","author":"Bruno BERTHIER","date":"10 November 2020","format":false,"excerpt":"I am a clinical psychologist working as a freelance psychologist where I have been receiving children, adolescents and adults since 2005. My therapeutic practice with children has always led me to regularly look for therapeutic mediators to help me in the follow-up of these clients. This activity of research, novelty\u2026","rel":"","context":"Similar post","block_context":{"text":"Similar post","link":""},"img":{"alt_text":"","src":"","width":0,"height":0},"classes":[]},{"id":80,"url":"https:\/\/therapieetjeuvideo.fr\/contact","url_meta":{"origin":564,"position":2},"title":"Contact","author":"Bruno BERTHIER","date":"1 December 2015","format":false,"excerpt":"si vous souhaitez me contacter, n'h\u00e9sitez pas \u00e0 utiliser ce formulaire de contact. Bonne journ\u00e9e Bruno BERTHIER \u00a0","rel":"","context":"Similar post","block_context":{"text":"Similar post","link":""},"img":{"alt_text":"","src":"","width":0,"height":0},"classes":[]},{"id":592,"url":"https:\/\/therapieetjeuvideo.fr\/annuaire-psychologue-jeux-video","url_meta":{"origin":564,"position":3},"title":"Annuaire Psychologues et Jeux Vid\u00e9o","author":"Bruno BERTHIER","date":"22 November 2020","format":false,"excerpt":"\ufeff\ufeff Pour figurer dans cet annuaire, il faut me contacter au pr\u00e9alable ou directement remplir ce Tableau google doc FRANCE Dpt Psychologue Adresse du cabinet e-mail T\u00e9l\u00e9phone Site internet 13 DIETRICH Lorele\u00ef L\u2019Atrium 18 Rue Mar\u00e9chal Joffre 13100 Aix-en-Provence contact[at] ldietrich-psychologue.fr 06 74 87 51 08 https:\/\/ldietrich-psychologue.fr\/ 13 FEVRE Fr\u00e9d\u00e9ric\u2026","rel":"","context":"Similar post","block_context":{"text":"Similar post","link":""},"img":{"alt_text":"","src":"","width":0,"height":0},"classes":[]},{"id":774,"url":"https:\/\/therapieetjeuvideo.fr\/podcast-les-petites-causeries-du-numerique","url_meta":{"origin":564,"position":4},"title":"Podcast : les Petites Causeries du Num\u00e9rique","author":"Bruno BERTHIER","date":"7 December 2021","format":false,"excerpt":"\u00a0 Un podcast propos\u00e9 par l\u2019OPEN (T. Rohmer) et anim\u00e9 par un groupe de psychologues A. Barsi, B. Berthier, M. Haza, M. Hung, A. Sylla et autres experts du num\u00e9rique qui vous incitent \u00e0 la r\u00e9flexion autour de la parentalit\u00e9 et de l\u2019\u00e9ducation num\u00e9rique. \u00a0 \u00c9pisode 1 : Confinement, Famille\u2026","rel":"","context":"Similar post","block_context":{"text":"Similar post","link":""},"img":{"alt_text":"","src":"https:\/\/i0.wp.com\/therapieetjeuvideo.fr\/wp-content\/uploads\/2021\/12\/Les-Petites-Causeries-du-Numerique-Visuel-1024x750.png?resize=350%2C200&ssl=1","width":350,"height":200,"srcset":"https:\/\/i0.wp.com\/therapieetjeuvideo.fr\/wp-content\/uploads\/2021\/12\/Les-Petites-Causeries-du-Numerique-Visuel-1024x750.png?resize=350%2C200&ssl=1 1x, https:\/\/i0.wp.com\/therapieetjeuvideo.fr\/wp-content\/uploads\/2021\/12\/Les-Petites-Causeries-du-Numerique-Visuel-1024x750.png?resize=525%2C300&ssl=1 1.5x, https:\/\/i0.wp.com\/therapieetjeuvideo.fr\/wp-content\/uploads\/2021\/12\/Les-Petites-Causeries-du-Numerique-Visuel-1024x750.png?resize=700%2C400&ssl=1 2x"},"classes":[]},{"id":1154,"url":"https:\/\/therapieetjeuvideo.fr\/le-jeu-video-allie-inattendu-des-psychologues","url_meta":{"origin":564,"position":5},"title":"Le jeu vid\u00e9o, alli\u00e9 inattendu des psychologues","author":"Bruno BERTHIER","date":"6 February 2026","format":false,"excerpt":"Interview d'Antoine Barsi et Bruno Berthier par Olivier B\u00e9nis pour France Inter","rel":"","context":"Similar post","block_context":{"text":"Similar post","link":""},"img":{"alt_text":"","src":"","width":0,"height":0},"classes":[]}],"jetpack_likes_enabled":true,"_links":{"self":[{"href":"https:\/\/therapieetjeuvideo.fr\/en\/wp-json\/wp\/v2\/pages\/564","targetHints":{"allow":["GET"]}}],"collection":[{"href":"https:\/\/therapieetjeuvideo.fr\/en\/wp-json\/wp\/v2\/pages"}],"about":[{"href":"https:\/\/therapieetjeuvideo.fr\/en\/wp-json\/wp\/v2\/types\/page"}],"author":[{"embeddable":true,"href":"https:\/\/therapieetjeuvideo.fr\/en\/wp-json\/wp\/v2\/users\/1"}],"replies":[{"embeddable":true,"href":"https:\/\/therapieetjeuvideo.fr\/en\/wp-json\/wp\/v2\/comments?post=564"}],"version-history":[{"count":2,"href":"https:\/\/therapieetjeuvideo.fr\/en\/wp-json\/wp\/v2\/pages\/564\/revisions"}],"predecessor-version":[{"id":567,"href":"https:\/\/therapieetjeuvideo.fr\/en\/wp-json\/wp\/v2\/pages\/564\/revisions\/567"}],"wp:attachment":[{"href":"https:\/\/therapieetjeuvideo.fr\/en\/wp-json\/wp\/v2\/media?parent=564"}],"curies":[{"name":"wp","href":"https:\/\/api.w.org\/{rel}","templated":true}]}}