{"id":570,"date":"2020-11-15T13:07:22","date_gmt":"2020-11-15T12:07:22","guid":{"rendered":"http:\/\/therapieetjeuvideo.fr\/?page_id=570"},"modified":"2020-12-08T09:08:20","modified_gmt":"2020-12-08T08:08:20","slug":"documentary-resources","status":"publish","type":"page","link":"https:\/\/therapieetjeuvideo.fr\/en\/documentary-resources","title":{"rendered":"Documentary resources"},"content":{"rendered":"<p><strong>I. BOOKS<\/strong><\/p>\n<p style=\"text-align: justify;\">dir. S.TISSERON, Adolescence, Virtuel, 47, Les Editions GREUPP, 2004<\/p>\n<p style=\"text-align: justify;\">dir. TISSERON S. et GUTTON P., Adolescence, Avatars et mondes virtuels, 69, L&#8217;Esprit du Temps, 2009<\/p>\n<p style=\"text-align: justify;\">CAHN R., GUTTON P., ROBERT P., TISSERON S., <em>L&#8217;ado et son psy, Nouvelles approches th\u00e9rapeutiques en psychanalyse<\/em>, Editions in press, 2013<\/p>\n<p style=\"text-align: justify;\">TISSERON S., MISSONNIER S., STORA M., <em>L&#8217;enfant au risque du virtuel<\/em>, Dunod, 2006<\/p>\n<p style=\"text-align: justify;\">LEROUX Y. , <em>Les jeux vid\u00e9o, \u00e7a rend pas idiot !<\/em>, Fyp, 2012<\/p>\n<p style=\"text-align: justify;\">FORTIN T. (coordination \u00e9ditoriale), <em>Les cahiers du jeu vid\u00e9o, #1 : La guerre<\/em>, Pix&#8217;n love \u00e9ditions, 2008<\/p>\n<p style=\"text-align: justify;\">CRAIPEAU S., <em>La soci\u00e9t\u00e9 en jeu(x], le laboratoire social des jeux en ligne<\/em>, Puf, 2011<\/p>\n<p style=\"text-align: justify;\">dir. TER MINASSIAN H., RUFAT S. , COAVOUX S., <em>Espaces et temps des jeux vid\u00e9o<\/em>, Editions Questions th\u00e9oriques, 2012<\/p>\n<p style=\"text-align: justify;\">CAILLOIS R.,<em> Les jeux et les hommes<\/em>, Folio essais, 1967<\/p>\n<p style=\"text-align: justify;\">WINNICOTT D.W. , <em>Jeu et R\u00e9alit\u00e9<\/em>, Folio essais, 1975<\/p>\n<p style=\"text-align: justify;\">STORA M., <em>Gu\u00e9rir par le virtuel, une nouvelle approche th\u00e9rapeutique<\/em>, Presses de la renaissance, 2005<\/p>\n<p style=\"text-align: justify;\">dir. AMATO E. A., PERENY E. <em>Les avatars jouables des mondes num\u00e9riques<\/em>, Lavoisier, 2013<\/p>\n<p style=\"text-align: justify;\">VIROLE B., RADILLO A., <em>Cyber-psychologie en 200 mots<\/em>, Dunod, 2010<\/p>\n<p style=\"text-align: justify;\">Herm\u00e8s La Revue,\u00a0 <em>Les jeux vid\u00e9o, Quand jouer, c&#8217;est communiquer<\/em>, LAFRANCE JP et OLIVERI N. (coord.), CNRS \u00e9ditions, 2012, n\u00b062<\/p>\n<p style=\"text-align: justify;\">Dir. BOYER E., <em>Voir les jeux vid\u00e9o, Perception, construction, fiction<\/em>, Bayard Editions, 2012<\/p>\n<p style=\"text-align: justify;\">Psychotropes, <em>Les usages probl\u00e9matiques des jeux vid\u00e9os<\/em>, VALLEUR M. (dir. publication), 2012, volume 18<\/p>\n<p style=\"text-align: justify;\">TISSERON S. , <em>Qui a peur des jeux vid\u00e9o<\/em>, Albin Michel, 2008<\/p>\n<p style=\"text-align: justify;\">\u00a0TISSERON S., <em>Virtuel, mon amour<\/em>, Albin Michel, 2008<\/p>\n<p style=\"text-align: justify;\">TISSERON S., VIROLE B., GIVRE Ph. , TORDO F. , TRICLOT M. , LEROUX Y., <em>Subjectivation et empathie dans les mondes num\u00e9riques<\/em>, Dunod, 2013<\/p>\n<p style=\"text-align: justify;\">TRICLOT M. , <em>Philosophie des jeux vid\u00e9o<\/em>, Editions La D\u00e9couverte, 2011<\/p>\n<p style=\"text-align: justify;\">TISSERON S., <em>R\u00eaver, fantasmer, virtualiser, du virtuel psychique au virtuel num\u00e9rique<\/em>, Dunod, 2012<\/p>\n<p style=\"text-align: justify;\">LANGLOIS M., <em>Reset : video games &amp; psychotherapy<\/em>, Chateau escargot publishing, 2011<\/p>\n<p style=\"text-align: justify;\">MC GONIGAL J., <em>Reality is broken<\/em>, Published by Jonathan Cape, 2011<\/p>\n<p>BEAN M. A., Working with video games and games in therapy, Routledge, 2018<\/p>\n<p>HODENT C., The gamer&#8217;s brain, CRC Press, 2017<\/p>\n<p>&nbsp;<\/p>\n<p style=\"text-align: justify;\"><strong>II . SITES and BLOGS\u00a0<\/strong><\/p>\n<p>&nbsp;<\/p>\n<p style=\"text-align: justify;\">Yann LEROUX =&gt; <a href=\"http:\/\/www.psyetgeek.com\/\" target=\"_blank\" rel=\"noopener noreferrer\">http:\/\/www.psyetgeek.com\/<\/a><\/p>\n<p style=\"text-align: justify;\">Cl\u00e9mence MOREAU =&gt; <a href=\"http:\/\/www.heavymental.fr\/\" target=\"_blank\" rel=\"noopener noreferrer\">http:\/\/www.heavymental.fr\/<\/a><\/p>\n<p>Lorele\u00ef DIETRICH =&gt; <a href=\"http:\/\/www.ldietrich-psychologue.fr\/\" target=\"_blank\" rel=\"noopener noreferrer\">http:\/\/www.ldietrich-psychologue.fr\/<\/a><\/p>\n<p style=\"text-align: justify;\">Vanessa LALO =&gt; <a href=\"http:\/\/vanessalalo.com\/\" target=\"_blank\" rel=\"noopener noreferrer\">http:\/\/vanessalalo.com\/<\/a><\/p>\n<p style=\"text-align: justify;\">Beno\u00eet VIROLE =&gt; <a href=\"http:\/\/www.benoitvirole.com\/\" target=\"_blank\" rel=\"noopener noreferrer\">http:\/\/www.benoitvirole.com\/<\/a><\/p>\n<p style=\"text-align: justify;\">Vincent LE CORRE =&gt; <a href=\"http:\/\/vincent-le-corre.fr\/\" target=\"_blank\" rel=\"noopener noreferrer\">http:\/\/vincent-le-corre.fr\/<\/a><\/p>\n<p style=\"text-align: justify;\">R\u00e9seau La Guilde =&gt; <a href=\"http:\/\/www.hopital-marmottan.fr\/laguilde\/\">http:\/\/www.hopital-marmottan.fr\/laguilde\/<\/a><\/p>\n<p style=\"text-align: justify;\">Institut du Virtuel =&gt; <a href=\"http:\/\/www.institutduvirtuel.org\" target=\"_blank\" rel=\"noopener noreferrer\">http:\/\/www.institutduvirtuel.org<\/a><\/p>\n<p style=\"text-align: justify;\">Observatoire des Mondes Num\u00e9riques en Sciences Humaines =&gt; <a href=\"http:\/\/www.omnsh.org\/\" target=\"_blank\" rel=\"noopener noreferrer\">http:\/\/www.omnsh.org\/<\/a><\/p>\n","protected":false},"excerpt":{"rendered":"<p>I. BOOKS dir. S.TISSERON, Adolescence, Virtuel, 47, Les Editions GREUPP, 2004 dir. TISSERON S. et GUTTON P., Adolescence, Avatars et mondes virtuels, 69, L&#8217;Esprit du Temps, 2009 CAHN R., GUTTON P., ROBERT P., TISSERON S., L&#8217;ado et son psy, Nouvelles approches th\u00e9rapeutiques en psychanalyse, Editions in press, 2013 TISSERON S., MISSONNIER S., STORA M., L&#8217;enfant au risque du virtuel, Dunod, 2006 LEROUX Y. , Les jeux vid\u00e9o, \u00e7a rend pas idiot !, Fyp, 2012 FORTIN T. (coordination \u00e9ditoriale), Les cahiers du jeu vid\u00e9o, #1 : La guerre, Pix&#8217;n love \u00e9ditions, 2008 CRAIPEAU S., La soci\u00e9t\u00e9 en jeu(x], le laboratoire social &hellip; <\/p>\n","protected":false},"author":1,"featured_media":0,"parent":0,"menu_order":0,"comment_status":"closed","ping_status":"closed","template":"","meta":{"jetpack_post_was_ever_published":false,"footnotes":""},"class_list":["post-570","page","type-page","status-publish","hentry"],"yoast_head":"<!-- This site is optimized with the Yoast SEO plugin v27.3 - https:\/\/yoast.com\/product\/yoast-seo-wordpress\/ -->\n<title>Documentary resources - M\u00e9diation th\u00e9rapeutique avec les Jeux Vid\u00e9o<\/title>\n<meta name=\"robots\" content=\"index, follow, max-snippet:-1, max-image-preview:large, max-video-preview:-1\" \/>\n<link rel=\"canonical\" href=\"https:\/\/therapieetjeuvideo.fr\/en\/documentary-resources\" \/>\n<meta property=\"og:locale\" content=\"en_US\" \/>\n<meta property=\"og:type\" content=\"article\" \/>\n<meta property=\"og:title\" content=\"Documentary resources - M\u00e9diation th\u00e9rapeutique avec les Jeux Vid\u00e9o\" \/>\n<meta property=\"og:description\" content=\"I. BOOKS dir. S.TISSERON, Adolescence, Virtuel, 47, Les Editions GREUPP, 2004 dir. TISSERON S. et GUTTON P., Adolescence, Avatars et mondes virtuels, 69, L&#8217;Esprit du Temps, 2009 CAHN R., GUTTON P., ROBERT P., TISSERON S., L&#8217;ado et son psy, Nouvelles approches th\u00e9rapeutiques en psychanalyse, Editions in press, 2013 TISSERON S., MISSONNIER S., STORA M., L&#8217;enfant au risque du virtuel, Dunod, 2006 LEROUX Y. , Les jeux vid\u00e9o, \u00e7a rend pas idiot !, Fyp, 2012 FORTIN T. (coordination \u00e9ditoriale), Les cahiers du jeu vid\u00e9o, #1 : La guerre, Pix&#8217;n love \u00e9ditions, 2008 CRAIPEAU S., La soci\u00e9t\u00e9 en jeu(x], le laboratoire social &hellip;\" \/>\n<meta property=\"og:url\" content=\"https:\/\/therapieetjeuvideo.fr\/en\/documentary-resources\" \/>\n<meta property=\"og:site_name\" content=\"M\u00e9diation th\u00e9rapeutique avec les Jeux Vid\u00e9o\" \/>\n<meta property=\"article:publisher\" content=\"https:\/\/www.facebook.com\/bruno.berthier.33\" \/>\n<meta property=\"article:modified_time\" content=\"2020-12-08T08:08:20+00:00\" \/>\n<meta name=\"twitter:card\" content=\"summary_large_image\" \/>\n<meta name=\"twitter:site\" content=\"@BERTHIERBruno\" \/>\n<meta name=\"twitter:label1\" content=\"Est. reading time\" \/>\n\t<meta name=\"twitter:data1\" content=\"2 minutes\" \/>\n<script type=\"application\/ld+json\" class=\"yoast-schema-graph\">{\"@context\":\"https:\\\/\\\/schema.org\",\"@graph\":[{\"@type\":\"WebPage\",\"@id\":\"https:\\\/\\\/therapieetjeuvideo.fr\\\/en\\\/documentary-resources\",\"url\":\"https:\\\/\\\/therapieetjeuvideo.fr\\\/en\\\/documentary-resources\",\"name\":\"Documentary resources - M\u00e9diation th\u00e9rapeutique avec les Jeux Vid\u00e9o\",\"isPartOf\":{\"@id\":\"https:\\\/\\\/therapieetjeuvideo.fr\\\/en#website\"},\"datePublished\":\"2020-11-15T12:07:22+00:00\",\"dateModified\":\"2020-12-08T08:08:20+00:00\",\"breadcrumb\":{\"@id\":\"https:\\\/\\\/therapieetjeuvideo.fr\\\/en\\\/documentary-resources#breadcrumb\"},\"inLanguage\":\"en-US\",\"potentialAction\":[{\"@type\":\"ReadAction\",\"target\":[\"https:\\\/\\\/therapieetjeuvideo.fr\\\/en\\\/documentary-resources\"]}]},{\"@type\":\"BreadcrumbList\",\"@id\":\"https:\\\/\\\/therapieetjeuvideo.fr\\\/en\\\/documentary-resources#breadcrumb\",\"itemListElement\":[{\"@type\":\"ListItem\",\"position\":1,\"name\":\"Accueil\",\"item\":\"https:\\\/\\\/therapieetjeuvideo.fr\\\/en\"},{\"@type\":\"ListItem\",\"position\":2,\"name\":\"Documentary resources\"}]},{\"@type\":\"WebSite\",\"@id\":\"https:\\\/\\\/therapieetjeuvideo.fr\\\/en#website\",\"url\":\"https:\\\/\\\/therapieetjeuvideo.fr\\\/en\",\"name\":\"M\u00e9diation th\u00e9rapeutique avec les Jeux Vid\u00e9o\",\"description\":\"PRATIQUES CLINIQUES\",\"potentialAction\":[{\"@type\":\"SearchAction\",\"target\":{\"@type\":\"EntryPoint\",\"urlTemplate\":\"https:\\\/\\\/therapieetjeuvideo.fr\\\/en?s={search_term_string}\"},\"query-input\":{\"@type\":\"PropertyValueSpecification\",\"valueRequired\":true,\"valueName\":\"search_term_string\"}}],\"inLanguage\":\"en-US\"}]}<\/script>\n<!-- \/ Yoast SEO plugin. -->","yoast_head_json":{"title":"Documentary resources - M\u00e9diation th\u00e9rapeutique avec les Jeux Vid\u00e9o","robots":{"index":"index","follow":"follow","max-snippet":"max-snippet:-1","max-image-preview":"max-image-preview:large","max-video-preview":"max-video-preview:-1"},"canonical":"https:\/\/therapieetjeuvideo.fr\/en\/documentary-resources","og_locale":"en_US","og_type":"article","og_title":"Documentary resources - M\u00e9diation th\u00e9rapeutique avec les Jeux Vid\u00e9o","og_description":"I. BOOKS dir. S.TISSERON, Adolescence, Virtuel, 47, Les Editions GREUPP, 2004 dir. TISSERON S. et GUTTON P., Adolescence, Avatars et mondes virtuels, 69, L&#8217;Esprit du Temps, 2009 CAHN R., GUTTON P., ROBERT P., TISSERON S., L&#8217;ado et son psy, Nouvelles approches th\u00e9rapeutiques en psychanalyse, Editions in press, 2013 TISSERON S., MISSONNIER S., STORA M., L&#8217;enfant au risque du virtuel, Dunod, 2006 LEROUX Y. , Les jeux vid\u00e9o, \u00e7a rend pas idiot !, Fyp, 2012 FORTIN T. (coordination \u00e9ditoriale), Les cahiers du jeu vid\u00e9o, #1 : La guerre, Pix&#8217;n love \u00e9ditions, 2008 CRAIPEAU S., La soci\u00e9t\u00e9 en jeu(x], le laboratoire social &hellip;","og_url":"https:\/\/therapieetjeuvideo.fr\/en\/documentary-resources","og_site_name":"M\u00e9diation th\u00e9rapeutique avec les Jeux Vid\u00e9o","article_publisher":"https:\/\/www.facebook.com\/bruno.berthier.33","article_modified_time":"2020-12-08T08:08:20+00:00","twitter_card":"summary_large_image","twitter_site":"@BERTHIERBruno","twitter_misc":{"Est. reading time":"2 minutes"},"schema":{"@context":"https:\/\/schema.org","@graph":[{"@type":"WebPage","@id":"https:\/\/therapieetjeuvideo.fr\/en\/documentary-resources","url":"https:\/\/therapieetjeuvideo.fr\/en\/documentary-resources","name":"Documentary resources - M\u00e9diation th\u00e9rapeutique avec les Jeux Vid\u00e9o","isPartOf":{"@id":"https:\/\/therapieetjeuvideo.fr\/en#website"},"datePublished":"2020-11-15T12:07:22+00:00","dateModified":"2020-12-08T08:08:20+00:00","breadcrumb":{"@id":"https:\/\/therapieetjeuvideo.fr\/en\/documentary-resources#breadcrumb"},"inLanguage":"en-US","potentialAction":[{"@type":"ReadAction","target":["https:\/\/therapieetjeuvideo.fr\/en\/documentary-resources"]}]},{"@type":"BreadcrumbList","@id":"https:\/\/therapieetjeuvideo.fr\/en\/documentary-resources#breadcrumb","itemListElement":[{"@type":"ListItem","position":1,"name":"Accueil","item":"https:\/\/therapieetjeuvideo.fr\/en"},{"@type":"ListItem","position":2,"name":"Documentary resources"}]},{"@type":"WebSite","@id":"https:\/\/therapieetjeuvideo.fr\/en#website","url":"https:\/\/therapieetjeuvideo.fr\/en","name":"M\u00e9diation th\u00e9rapeutique avec les Jeux Vid\u00e9o","description":"PRATIQUES CLINIQUES","potentialAction":[{"@type":"SearchAction","target":{"@type":"EntryPoint","urlTemplate":"https:\/\/therapieetjeuvideo.fr\/en?s={search_term_string}"},"query-input":{"@type":"PropertyValueSpecification","valueRequired":true,"valueName":"search_term_string"}}],"inLanguage":"en-US"}]}},"jetpack_sharing_enabled":true,"jetpack_shortlink":"https:\/\/wp.me\/P6vc3A-9c","jetpack-related-posts":[{"id":22,"url":"https:\/\/therapieetjeuvideo.fr\/ressources-documentaires","url_meta":{"origin":570,"position":0},"title":"Ressources documentaires","author":"Bruno BERTHIER","date":"30 November 2015","format":false,"excerpt":"I. OUVRAGES dir. S.TISSERON, Adolescence, Virtuel, 47, Les Editions GREUPP, 2004 dir. TISSERON S. et GUTTON P., Adolescence, Avatars et mondes virtuels, 69, L'Esprit du Temps, 2009 CAHN R., GUTTON P., ROBERT P., TISSERON S., L'ado et son psy, Nouvelles approches th\u00e9rapeutiques en psychanalyse, Editions in press, 2013 TISSERON S.,\u2026","rel":"","context":"Similar post","block_context":{"text":"Similar post","link":""},"img":{"alt_text":"","src":"","width":0,"height":0},"classes":[]},{"id":577,"url":"https:\/\/therapieetjeuvideo.fr\/es\/recursos-de-documentacion","url_meta":{"origin":570,"position":1},"title":"Recursos de documentaci\u00f3n","author":"Bruno BERTHIER","date":"15 November 2020","format":false,"excerpt":"I. LIBROS dir. S.TISSERON, Adolescence, Virtuel, 47, Les Editions GREUPP, 2004 dir. TISSERON S. et GUTTON P., Adolescence, Avatars et mondes virtuels, 69, L'Esprit du Temps, 2009 CAHN R., GUTTON P., ROBERT P., TISSERON S., L'ado et son psy, Nouvelles approches th\u00e9rapeutiques en psychanalyse, Editions in press, 2013 TISSERON S.,\u2026","rel":"","context":"Similar post","block_context":{"text":"Similar post","link":""},"img":{"alt_text":"","src":"","width":0,"height":0},"classes":[]},{"id":1117,"url":"https:\/\/therapieetjeuvideo.fr\/newsletter-semestrielle-psychologues-et-jeux-video","url_meta":{"origin":570,"position":2},"title":"Newsletter Semestrielle &#8220;Psychologues et Jeux Vid\u00e9o&#8221;","author":"Bruno BERTHIER","date":"9 July 2024","format":false,"excerpt":"NOM Actualit\u00e9 r\u00e9cente (2\u00e8me semestre 2025) Projets \u00e0 venir (1er semestre 2026) BARRIOL-BLONDET M\u00e9ghane Conf\u00e9rences et tables rondes sur la m\u00e9diation th\u00e9rapeutique jeu vid\u00e9o Cours en Licence de Psychologie \u00e0 l\u2019Universit\u00e9 de Nantes \u00a0 BERTHIER Bruno Poursuite de l\u2019\u00e9laboration du DU sur l\u2019utilisation du jeu vid\u00e9o en tant que m\u00e9diateur\u2026","rel":"","context":"Similar post","block_context":{"text":"Similar post","link":""},"img":{"alt_text":"","src":"","width":0,"height":0},"classes":[]},{"id":54,"url":"https:\/\/therapieetjeuvideo.fr\/a-propos-de-ce-blog","url_meta":{"origin":570,"position":3},"title":"A propos de ce blog","author":"Bruno BERTHIER","date":"30 November 2015","format":false,"excerpt":"Je suis psychologue clinicien install\u00e9 en lib\u00e9ral o\u00f9 je re\u00e7ois des enfants, des adolescents et des adultes depuis 2005. Ma pratique th\u00e9rapeutique avec les enfants m\u2019a toujours conduit \u00e0 rechercher r\u00e9guli\u00e8rement des m\u00e9diateurs th\u00e9rapeutiques pour m\u2019aider dans le suivi de ces patients. Cette activit\u00e9 de recherche, de nouveaut\u00e9 et d\u2019outils\u2026","rel":"","context":"Similar post","block_context":{"text":"Similar post","link":""},"img":{"alt_text":"","src":"","width":0,"height":0},"classes":[]},{"id":592,"url":"https:\/\/therapieetjeuvideo.fr\/annuaire-psychologue-jeux-video","url_meta":{"origin":570,"position":4},"title":"Annuaire Psychologues et Jeux Vid\u00e9o","author":"Bruno BERTHIER","date":"22 November 2020","format":false,"excerpt":"\ufeff\ufeff Pour figurer dans cet annuaire, il faut me contacter au pr\u00e9alable ou directement remplir ce Tableau google doc FRANCE Dpt Psychologue Adresse du cabinet e-mail T\u00e9l\u00e9phone Site internet 13 DIETRICH Lorele\u00ef L\u2019Atrium 18 Rue Mar\u00e9chal Joffre 13100 Aix-en-Provence contact[at] ldietrich-psychologue.fr 06 74 87 51 08 https:\/\/ldietrich-psychologue.fr\/ 13 FEVRE Fr\u00e9d\u00e9ric\u2026","rel":"","context":"Similar post","block_context":{"text":"Similar post","link":""},"img":{"alt_text":"","src":"","width":0,"height":0},"classes":[]},{"id":561,"url":"https:\/\/therapieetjeuvideo.fr\/en\/about-this-blog","url_meta":{"origin":570,"position":5},"title":"About this blog","author":"Bruno BERTHIER","date":"10 November 2020","format":false,"excerpt":"I am a clinical psychologist working as a freelance psychologist where I have been receiving children, adolescents and adults since 2005. My therapeutic practice with children has always led me to regularly look for therapeutic mediators to help me in the follow-up of these clients. This activity of research, novelty\u2026","rel":"","context":"Similar post","block_context":{"text":"Similar post","link":""},"img":{"alt_text":"","src":"","width":0,"height":0},"classes":[]}],"jetpack_likes_enabled":true,"_links":{"self":[{"href":"https:\/\/therapieetjeuvideo.fr\/en\/wp-json\/wp\/v2\/pages\/570","targetHints":{"allow":["GET"]}}],"collection":[{"href":"https:\/\/therapieetjeuvideo.fr\/en\/wp-json\/wp\/v2\/pages"}],"about":[{"href":"https:\/\/therapieetjeuvideo.fr\/en\/wp-json\/wp\/v2\/types\/page"}],"author":[{"embeddable":true,"href":"https:\/\/therapieetjeuvideo.fr\/en\/wp-json\/wp\/v2\/users\/1"}],"replies":[{"embeddable":true,"href":"https:\/\/therapieetjeuvideo.fr\/en\/wp-json\/wp\/v2\/comments?post=570"}],"version-history":[{"count":2,"href":"https:\/\/therapieetjeuvideo.fr\/en\/wp-json\/wp\/v2\/pages\/570\/revisions"}],"predecessor-version":[{"id":621,"href":"https:\/\/therapieetjeuvideo.fr\/en\/wp-json\/wp\/v2\/pages\/570\/revisions\/621"}],"wp:attachment":[{"href":"https:\/\/therapieetjeuvideo.fr\/en\/wp-json\/wp\/v2\/media?parent=570"}],"curies":[{"name":"wp","href":"https:\/\/api.w.org\/{rel}","templated":true}]}}