{"id":574,"date":"2020-11-15T13:09:35","date_gmt":"2020-11-15T12:09:35","guid":{"rendered":"http:\/\/therapieetjeuvideo.fr\/?page_id=574"},"modified":"2020-11-15T13:10:01","modified_gmt":"2020-11-15T12:10:01","slug":"contact","status":"publish","type":"page","link":"https:\/\/therapieetjeuvideo.fr\/es\/contact","title":{"rendered":"Contacto"},"content":{"rendered":"<p>si desea ponerse en contacto conmigo, por favor no dude en utilizar este formulario de contacto.<\/p>\n<p>Que tengas un buen d\u00eda.<\/p>\n<p>Bruno BERTHIER<\/p>\n<p>&nbsp;<\/p>\n<p><span class=\"cntctfrm_shortcode\"><form method=\"post\" id=\"cntctfrm_contact_form\" class=\"cntctfrm_contact_form cntctfrm_one_column cntctfrm_ltr cntctfrm_width_default\" action=\"\/es\/wp-json\/wp\/v2\/pages\/574#cntctfrm_contact_form\" enctype=\"multipart\/form-data\"><div id=\"cntctfrm_first_column\" class=\"cntctfrm_column\"><div class=\"cntctfrm_field_wrap cntctfrm_field_name_wrap\"namecontact><div class=\"cntctfrm_label cntctfrm_label_name\">\n\t\t\t\t\t\t\t\t\t<label for=\"cntctfrm_contact_name\">Nom&nbsp;: <span class=\"required\">*<\/span><\/label><\/div><div class=\"cntctfrm_input cntctfrm_input_name\">\n\t\t\t\t\t\t\t\t\t<input namecontact class=\"text\" type=\"text\" size=\"40\" pattern=\"^([\\p{L}\\p{M}]{2,}(\\s)*(\\p{L}+\\p{M}*-*){1,})|([\\p{L}\\p{M}]{3,})\" title=\"Please enter only letters at least 3 characters, words seperated by spaces\" value=\"\" name=\"cntctfrm_contact_name\" id=\"cntctfrm_contact_name\" \/><\/div><\/div><div class=\"cntctfrm_field_wrap cntctfrm_field_email_wrap\"email><div class=\"cntctfrm_label cntctfrm_label_email\">\n\t\t\t\t\t\t\t\t\t<label for=\"cntctfrm_contact_email\">Adresse e-mail&nbsp;: <span class=\"required\">*<\/span><\/label>\n\t\t\t\t\t\t\t\t<\/div><div class=\"cntctfrm_input cntctfrm_input_email\">\n\t\t\t\t\t\t\t\t\t<input email class=\"text\" type=\"email\" size=\"40\" value=\"\" name=\"cntctfrm_contact_email\" id=\"cntctfrm_contact_email\" \/><\/div><\/div><div class=\"cntctfrm_field_wrap cntctfrm_field_subject_wrap\"subject><div class=\"cntctfrm_label cntctfrm_label_subject\">\n\t\t\t\t\t\t\t\t\t<label for=\"cntctfrm_contact_subject\">Sujet&nbsp;: <span class=\"required\">*<\/span><\/label>\n\t\t\t\t\t\t\t\t<\/div><div class=\"cntctfrm_input cntctfrm_input_subject\">\n\t\t\t\t\t\t\t\t<input subject pattern=\"^\\p{L}{1,}([\\p{L}\\s]){2,}\" title=\"Please enter only letters at least 3 characters, words seperated by spaces\" class=\"text\" type=\"text\" size=\"40\" value=\"\" name=\"cntctfrm_contact_subject\" id=\"cntctfrm_contact_subject\" \/><\/div><\/div><div class=\"cntctfrm_field_wrap cntctfrm_field_message_wrap\"message><div class=\"cntctfrm_label cntctfrm_label_message\">\n\t\t\t\t\t\t\t\t<label for=\"cntctfrm_contact_message\">Message&nbsp;: <span class=\"required\">*<\/span><\/label>\n\t\t\t\t\t\t\t<\/div><div class=\"cntctfrm_input cntctfrm_input_message\">\n\t\t\t\t\t\t\t\t<textarea message rows=\"5\" cols=\"30\"name=\"cntctfrm_contact_message\" id=\"cntctfrm_contact_message\"><\/textarea><\/div><\/div><div class=\"cntctfrm_field_wrap cntctfrm_field_attachment_wrap\"><div class=\"cntctfrm_checkbox cntctfrm_checkbox_send_copy\">\n\t\t\t\t\t\t\t\t\t<input type=\"checkbox\" value=\"1\" name=\"cntctfrm_contact_send_copy\" id=\"cntctfrm_contact_send_copy\" \/>\n\t\t\t\t\t\t\t\t\t<label for=\"cntctfrm_contact_send_copy\">M'envoyer une copie<\/label><\/div><\/div><div class=\"cntctfrm_field_wrap cntctfrm_field_captcha_wrap\"><div class=\"cntctfrm_label cntctfrm_label_captcha\">\n\t\t\t\t\t\t\t\t\t\t\t<label><\/label>\n\t\t\t\t\t\t\t\t\t\t<\/div><div class=\"cntctfrm_input cntctfrm_input_captcha\"><div class=\"gglcptch gglcptch_v2\"><div id=\"gglcptch_recaptcha_305867007\" class=\"gglcptch_recaptcha\"><\/div>\n\t\t\t\t<noscript>\n\t\t\t\t\t<div style=\"width: 302px;\">\n\t\t\t\t\t\t<div style=\"width: 302px; height: 422px; position: relative;\">\n\t\t\t\t\t\t\t<div style=\"width: 302px; height: 422px; position: absolute;\">\n\t\t\t\t\t\t\t\t<iframe src=\"https:\/\/www.google.com\/recaptcha\/api\/fallback?k=6LfX6goTAAAAAGTUNs2lX3PzC0kfCIzw6-vsj49W\" frameborder=\"0\" scrolling=\"no\" style=\"width: 302px; height:422px; border-style: none;\"><\/iframe>\n\t\t\t\t\t\t\t<\/div>\n\t\t\t\t\t\t<\/div>\n\t\t\t\t\t\t<div style=\"border-style: none; bottom: 12px; left: 25px; margin: 0px; padding: 0px; right: 25px; background: #f9f9f9; border: 1px solid #c1c1c1; border-radius: 3px; height: 60px; width: 300px;\">\n\t\t\t\t\t\t\t<input type=\"hidden\" id=\"g-recaptcha-response\" name=\"g-recaptcha-response\" class=\"g-recaptcha-response\" style=\"width: 250px !important; height: 40px !important; border: 1px solid #c1c1c1 !important; margin: 10px 25px !important; padding: 0px !important; resize: none !important;\">\n\t\t\t\t\t\t<\/div>\n\t\t\t\t\t<\/div>\n\t\t\t\t<\/noscript><\/div><\/div><\/div><\/div><div class=\"clear\"><\/div><div class=\"cntctfrm_submit_wrap\"><div id=\"cntctfrm_submit_first_column\" class=\"cntctfrm_column\"><div class=\"cntctfrm_input cntctfrm_input_submit\"><input type=\"hidden\" value=\"1\" name=\"cntctfrmmlt_shortcode_id\"><input type=\"hidden\" value=\"send\" name=\"cntctfrm_contact_action\">\n\t\t\t\t\t\t\t<input type=\"hidden\" value=\"default\" name=\"cntctfrm_language\">\n\t\t\t\t\t\t\t<input type=\"hidden\" value=\"1\" name=\"cntctfrm_form_submited\">\n\t\t\t\t\t\t\t<input type=\"hidden\" value=\"cntctfrmmlt_options_1\" name=\"cntctfrm_options_name\">\n\t\t\t\t\t\t\t<input type=\"submit\" value=\"Envoyer\" class=\"cntctfrm_contact_submit\" id=\"1\" \/>\n\t\t\t\t\t\t<\/div><\/div><div id=\"cntctfrm_submit_second_column\" class=\"cntctfrm_column\"><\/div><div class=\"clear\"><\/div>\n\t\t\t<\/div>\n\t\t\t<\/form><\/span><\/p>\n","protected":false},"excerpt":{"rendered":"<p>si desea ponerse en contacto conmigo, por favor no dude en utilizar este formulario de contacto. Que tengas un buen d\u00eda. Bruno BERTHIER &nbsp;<\/p>\n","protected":false},"author":1,"featured_media":0,"parent":0,"menu_order":0,"comment_status":"closed","ping_status":"closed","template":"","meta":{"jetpack_post_was_ever_published":false,"footnotes":""},"class_list":["post-574","page","type-page","status-publish","hentry"],"yoast_head":"<!-- This site is optimized with the Yoast SEO plugin v27.3 - https:\/\/yoast.com\/product\/yoast-seo-wordpress\/ -->\n<title>Contacto - M\u00e9diation th\u00e9rapeutique avec les Jeux Vid\u00e9o<\/title>\n<meta name=\"robots\" content=\"index, follow, max-snippet:-1, max-image-preview:large, max-video-preview:-1\" \/>\n<link rel=\"canonical\" href=\"https:\/\/therapieetjeuvideo.fr\/es\/contact\" \/>\n<meta property=\"og:locale\" content=\"es_ES\" \/>\n<meta property=\"og:type\" content=\"article\" \/>\n<meta property=\"og:title\" content=\"Contacto - M\u00e9diation th\u00e9rapeutique avec les Jeux Vid\u00e9o\" \/>\n<meta property=\"og:description\" content=\"si desea ponerse en contacto conmigo, por favor no dude en utilizar este formulario de contacto. Que tengas un buen d\u00eda. Bruno BERTHIER &nbsp;\" \/>\n<meta property=\"og:url\" content=\"https:\/\/therapieetjeuvideo.fr\/es\/contact\" \/>\n<meta property=\"og:site_name\" content=\"M\u00e9diation th\u00e9rapeutique avec les Jeux Vid\u00e9o\" \/>\n<meta property=\"article:publisher\" content=\"https:\/\/www.facebook.com\/bruno.berthier.33\" \/>\n<meta property=\"article:modified_time\" content=\"2020-11-15T12:10:01+00:00\" \/>\n<meta name=\"twitter:card\" content=\"summary_large_image\" \/>\n<meta name=\"twitter:site\" content=\"@BERTHIERBruno\" \/>\n<script type=\"application\/ld+json\" class=\"yoast-schema-graph\">{\"@context\":\"https:\\\/\\\/schema.org\",\"@graph\":[{\"@type\":\"WebPage\",\"@id\":\"https:\\\/\\\/therapieetjeuvideo.fr\\\/es\\\/contact\",\"url\":\"https:\\\/\\\/therapieetjeuvideo.fr\\\/es\\\/contact\",\"name\":\"Contacto - M\u00e9diation th\u00e9rapeutique avec les Jeux Vid\u00e9o\",\"isPartOf\":{\"@id\":\"https:\\\/\\\/therapieetjeuvideo.fr\\\/es#website\"},\"datePublished\":\"2020-11-15T12:09:35+00:00\",\"dateModified\":\"2020-11-15T12:10:01+00:00\",\"breadcrumb\":{\"@id\":\"https:\\\/\\\/therapieetjeuvideo.fr\\\/es\\\/contact#breadcrumb\"},\"inLanguage\":\"es\",\"potentialAction\":[{\"@type\":\"ReadAction\",\"target\":[\"https:\\\/\\\/therapieetjeuvideo.fr\\\/es\\\/contact\"]}]},{\"@type\":\"BreadcrumbList\",\"@id\":\"https:\\\/\\\/therapieetjeuvideo.fr\\\/es\\\/contact#breadcrumb\",\"itemListElement\":[{\"@type\":\"ListItem\",\"position\":1,\"name\":\"Accueil\",\"item\":\"https:\\\/\\\/therapieetjeuvideo.fr\\\/es\"},{\"@type\":\"ListItem\",\"position\":2,\"name\":\"Contacto\"}]},{\"@type\":\"WebSite\",\"@id\":\"https:\\\/\\\/therapieetjeuvideo.fr\\\/es#website\",\"url\":\"https:\\\/\\\/therapieetjeuvideo.fr\\\/es\",\"name\":\"M\u00e9diation th\u00e9rapeutique avec les Jeux Vid\u00e9o\",\"description\":\"PRATIQUES CLINIQUES\",\"potentialAction\":[{\"@type\":\"SearchAction\",\"target\":{\"@type\":\"EntryPoint\",\"urlTemplate\":\"https:\\\/\\\/therapieetjeuvideo.fr\\\/es?s={search_term_string}\"},\"query-input\":{\"@type\":\"PropertyValueSpecification\",\"valueRequired\":true,\"valueName\":\"search_term_string\"}}],\"inLanguage\":\"es\"}]}<\/script>\n<!-- \/ Yoast SEO plugin. -->","yoast_head_json":{"title":"Contacto - M\u00e9diation th\u00e9rapeutique avec les Jeux Vid\u00e9o","robots":{"index":"index","follow":"follow","max-snippet":"max-snippet:-1","max-image-preview":"max-image-preview:large","max-video-preview":"max-video-preview:-1"},"canonical":"https:\/\/therapieetjeuvideo.fr\/es\/contact","og_locale":"es_ES","og_type":"article","og_title":"Contacto - M\u00e9diation th\u00e9rapeutique avec les Jeux Vid\u00e9o","og_description":"si desea ponerse en contacto conmigo, por favor no dude en utilizar este formulario de contacto. Que tengas un buen d\u00eda. Bruno BERTHIER &nbsp;","og_url":"https:\/\/therapieetjeuvideo.fr\/es\/contact","og_site_name":"M\u00e9diation th\u00e9rapeutique avec les Jeux Vid\u00e9o","article_publisher":"https:\/\/www.facebook.com\/bruno.berthier.33","article_modified_time":"2020-11-15T12:10:01+00:00","twitter_card":"summary_large_image","twitter_site":"@BERTHIERBruno","schema":{"@context":"https:\/\/schema.org","@graph":[{"@type":"WebPage","@id":"https:\/\/therapieetjeuvideo.fr\/es\/contact","url":"https:\/\/therapieetjeuvideo.fr\/es\/contact","name":"Contacto - M\u00e9diation th\u00e9rapeutique avec les Jeux Vid\u00e9o","isPartOf":{"@id":"https:\/\/therapieetjeuvideo.fr\/es#website"},"datePublished":"2020-11-15T12:09:35+00:00","dateModified":"2020-11-15T12:10:01+00:00","breadcrumb":{"@id":"https:\/\/therapieetjeuvideo.fr\/es\/contact#breadcrumb"},"inLanguage":"es","potentialAction":[{"@type":"ReadAction","target":["https:\/\/therapieetjeuvideo.fr\/es\/contact"]}]},{"@type":"BreadcrumbList","@id":"https:\/\/therapieetjeuvideo.fr\/es\/contact#breadcrumb","itemListElement":[{"@type":"ListItem","position":1,"name":"Accueil","item":"https:\/\/therapieetjeuvideo.fr\/es"},{"@type":"ListItem","position":2,"name":"Contacto"}]},{"@type":"WebSite","@id":"https:\/\/therapieetjeuvideo.fr\/es#website","url":"https:\/\/therapieetjeuvideo.fr\/es","name":"M\u00e9diation th\u00e9rapeutique avec les Jeux Vid\u00e9o","description":"PRATIQUES CLINIQUES","potentialAction":[{"@type":"SearchAction","target":{"@type":"EntryPoint","urlTemplate":"https:\/\/therapieetjeuvideo.fr\/es?s={search_term_string}"},"query-input":{"@type":"PropertyValueSpecification","valueRequired":true,"valueName":"search_term_string"}}],"inLanguage":"es"}]}},"jetpack_sharing_enabled":true,"jetpack_shortlink":"https:\/\/wp.me\/P6vc3A-9g","jetpack-related-posts":[],"jetpack_likes_enabled":true,"_links":{"self":[{"href":"https:\/\/therapieetjeuvideo.fr\/es\/wp-json\/wp\/v2\/pages\/574","targetHints":{"allow":["GET"]}}],"collection":[{"href":"https:\/\/therapieetjeuvideo.fr\/es\/wp-json\/wp\/v2\/pages"}],"about":[{"href":"https:\/\/therapieetjeuvideo.fr\/es\/wp-json\/wp\/v2\/types\/page"}],"author":[{"embeddable":true,"href":"https:\/\/therapieetjeuvideo.fr\/es\/wp-json\/wp\/v2\/users\/1"}],"replies":[{"embeddable":true,"href":"https:\/\/therapieetjeuvideo.fr\/es\/wp-json\/wp\/v2\/comments?post=574"}],"version-history":[{"count":2,"href":"https:\/\/therapieetjeuvideo.fr\/es\/wp-json\/wp\/v2\/pages\/574\/revisions"}],"predecessor-version":[{"id":576,"href":"https:\/\/therapieetjeuvideo.fr\/es\/wp-json\/wp\/v2\/pages\/574\/revisions\/576"}],"wp:attachment":[{"href":"https:\/\/therapieetjeuvideo.fr\/es\/wp-json\/wp\/v2\/media?parent=574"}],"curies":[{"name":"wp","href":"https:\/\/api.w.org\/{rel}","templated":true}]}}